{"id":96,"date":"2017-03-20T14:05:56","date_gmt":"2017-03-20T17:05:56","guid":{"rendered":"https:\/\/jundiai.sp.gov.br\/servicos-online\/?page_id=96"},"modified":"2026-01-15T11:50:35","modified_gmt":"2026-01-15T14:50:35","slug":"segunda-via-da-parcela-do-iptu","status":"publish","type":"page","link":"https:\/\/jundiai.sp.gov.br\/servicos-online\/segunda-via-da-parcela-do-iptu\/","title":{"rendered":"Segunda Via da Parcela do IPTU"},"content":{"rendered":"\n<style>\nh3 {margin: 5px 5px 15px;}\n<\/style>\n\n\n\n<div class=\"wp-block-group aviso-amarelo has-background\" style=\"background-color:#fffadf\"><div class=\"wp-block-group__inner-container is-layout-flow wp-block-group-is-layout-flow\">\n<h3 class=\"wp-block-heading\" id=\"atencao\">Aten\u00e7\u00e3o!<\/h3>\n\n\n\n<ul class=\"wp-block-list\">\n<li>Certifique-se que os dados est\u00e3o sendo digitados corretamente.<\/li>\n\n\n\n<li>Certifique-se que os pop-ups encontram-se desbloqueados no seu navegador.<\/li>\n\n\n\n<li>Na segunda via, s\u00e3o impressas apenas as guias para pagamento dos d\u00e9bitos do exerc\u00edcio corrente.<br>Para saber informa\u00e7\u00f5es sobre o lan\u00e7amento (como \u00e1rea constru\u00edda, \u00e1rea territorial e outros dados), acesse&nbsp;<a href=\"https:\/\/jundiai.sp.gov.br\/servicos-online\/certidao-contribuinte-imobiliario\/\">Certid\u00e3o de Contribuinte Imobili\u00e1rio<\/a>.<\/li>\n<\/ul>\n<\/div><\/div>\n\n\n\n<div style=\"height:20px\" aria-hidden=\"true\" class=\"wp-block-spacer\"><\/div>\n\n\n\n<p class=\"has-text-align-center\"><a style=\"text-align: center; margin: 20px 0; font-size: 20px; font-weight: normal; color: #fff; background: red; padding: 10px; line-height: 2;\" href=\"https:\/\/jundiai.sp.gov.br\/financas\/iptu-e-taxa-de-coleta-de-lixo\/passo-a-passo-para-emissao-do-boleto-para-pagamento-do-iptu\/\">Passo-a-passo para emiss\u00e3o do boleto para pagamento do IPTU<\/a><\/p>\n\n\n\n<div style=\"height:20px\" aria-hidden=\"true\" class=\"wp-block-spacer\"><\/div>\n\n\n\n<p><a href=\"https:\/\/jundiai.sp.gov.br\/financas\/iptu-e-taxa-de-coleta-de-lixo\/carne-do-iptu-e-entrega\/\" target=\"_blank\" rel=\"noopener noreferrer\">Conhe\u00e7a seu carn\u00ea<\/a><\/p>\n\n\n\n<p><a href=\"https:\/\/jundiai.sp.gov.br\/servicos-online\/wp-content\/uploads\/sites\/38\/2026\/01\/informativo-iptu-2026-2.pdf\">Informativo IPTU 2026<\/a><\/p>\n\n\n\n<p><a href=\"https:\/\/jundiai.sp.gov.br\/servicos-online\/consulta-de-debito\/\">Para emiss\u00e3o de parcela n\u00e3o paga, acesse Consulta de D\u00e9bitos<\/a><\/p>\n\n\n\n<div style=\"height:20px\" aria-hidden=\"true\" class=\"wp-block-spacer\"><\/div>\n","protected":false},"excerpt":{"rendered":"<p>Aten\u00e7\u00e3o! Passo-a-passo para emiss\u00e3o do boleto para pagamento do IPTU Conhe\u00e7a seu carn\u00ea Informativo IPTU 2026 Para emiss\u00e3o de parcela n\u00e3o paga, acesse Consulta de D\u00e9bitos<\/p>\n","protected":false},"author":8,"featured_media":0,"parent":0,"menu_order":0,"comment_status":"closed","ping_status":"closed","template":"page-iframe-menu.php","meta":{"footnotes":""},"class_list":["post-96","page","type-page","status-publish","hentry"],"_links":{"self":[{"href":"https:\/\/jundiai.sp.gov.br\/servicos-online\/wp-json\/wp\/v2\/pages\/96","targetHints":{"allow":["GET"]}}],"collection":[{"href":"https:\/\/jundiai.sp.gov.br\/servicos-online\/wp-json\/wp\/v2\/pages"}],"about":[{"href":"https:\/\/jundiai.sp.gov.br\/servicos-online\/wp-json\/wp\/v2\/types\/page"}],"author":[{"embeddable":true,"href":"https:\/\/jundiai.sp.gov.br\/servicos-online\/wp-json\/wp\/v2\/users\/8"}],"replies":[{"embeddable":true,"href":"https:\/\/jundiai.sp.gov.br\/servicos-online\/wp-json\/wp\/v2\/comments?post=96"}],"version-history":[{"count":35,"href":"https:\/\/jundiai.sp.gov.br\/servicos-online\/wp-json\/wp\/v2\/pages\/96\/revisions"}],"predecessor-version":[{"id":348,"href":"https:\/\/jundiai.sp.gov.br\/servicos-online\/wp-json\/wp\/v2\/pages\/96\/revisions\/348"}],"wp:attachment":[{"href":"https:\/\/jundiai.sp.gov.br\/servicos-online\/wp-json\/wp\/v2\/media?parent=96"}],"curies":[{"name":"wp","href":"https:\/\/api.w.org\/{rel}","templated":true}]}}