{"id":99,"date":"2017-03-20T14:11:39","date_gmt":"2017-03-20T17:11:39","guid":{"rendered":"https:\/\/jundiai.sp.gov.br\/servicos-online\/?page_id=99"},"modified":"2026-02-18T09:42:05","modified_gmt":"2026-02-18T12:42:05","slug":"segunda-via-de-tributos-de-cadastro-fiscal-mobiliario","status":"publish","type":"page","link":"https:\/\/jundiai.sp.gov.br\/servicos-online\/segunda-via-de-tributos-de-cadastro-fiscal-mobiliario\/","title":{"rendered":"Segunda Via de Tributos de Cadastro Fiscal Mobili\u00e1rio"},"content":{"rendered":"\n<iframe loading=\"lazy\" src=\"https:\/\/web.jundiai.sp.gov.br\/PMJ\/SW\/segundaviaiss.aspx\" width=\"100%\" height=\"1000\" scrolling=\"auto\" class=\"iframe-servicos\"><a href=\"https:\/\/web.jundiai.sp.gov.br\/PMJ\/SW\/segundaviaiss.aspx\">Clique aqui se voc\u00ea n\u00e3o estiver visualizando o conte\u00fado<\/a>.<\/iframe>\n","protected":false},"excerpt":{"rendered":"<p>Clique aqui se voc\u00ea n\u00e3o estiver visualizando o conte\u00fado.<\/p>\n","protected":false},"author":8,"featured_media":0,"parent":0,"menu_order":0,"comment_status":"closed","ping_status":"closed","template":"","meta":{"footnotes":""},"class_list":["post-99","page","type-page","status-publish","hentry"],"_links":{"self":[{"href":"https:\/\/jundiai.sp.gov.br\/servicos-online\/wp-json\/wp\/v2\/pages\/99","targetHints":{"allow":["GET"]}}],"collection":[{"href":"https:\/\/jundiai.sp.gov.br\/servicos-online\/wp-json\/wp\/v2\/pages"}],"about":[{"href":"https:\/\/jundiai.sp.gov.br\/servicos-online\/wp-json\/wp\/v2\/types\/page"}],"author":[{"embeddable":true,"href":"https:\/\/jundiai.sp.gov.br\/servicos-online\/wp-json\/wp\/v2\/users\/8"}],"replies":[{"embeddable":true,"href":"https:\/\/jundiai.sp.gov.br\/servicos-online\/wp-json\/wp\/v2\/comments?post=99"}],"version-history":[{"count":16,"href":"https:\/\/jundiai.sp.gov.br\/servicos-online\/wp-json\/wp\/v2\/pages\/99\/revisions"}],"predecessor-version":[{"id":356,"href":"https:\/\/jundiai.sp.gov.br\/servicos-online\/wp-json\/wp\/v2\/pages\/99\/revisions\/356"}],"wp:attachment":[{"href":"https:\/\/jundiai.sp.gov.br\/servicos-online\/wp-json\/wp\/v2\/media?parent=99"}],"curies":[{"name":"wp","href":"https:\/\/api.w.org\/{rel}","templated":true}]}}